{"id":4830,"date":"2022-12-14T13:51:07","date_gmt":"2022-12-14T12:51:07","guid":{"rendered":"https:\/\/tavil.com\/politica-de-privacidad\/"},"modified":"2025-11-19T10:03:51","modified_gmt":"2025-11-19T09:03:51","slug":"politica-di-privacy","status":"publish","type":"page","link":"https:\/\/tavil.com\/it\/politica-di-privacy\/","title":{"rendered":"Politica di privacy"},"content":{"rendered":"\n<p class=\"has-small-font-size\">Ultimo aggiornamento: 18 novembre 2025<\/p>\n\n\n\n<h3 class=\"wp-block-heading\"><a><\/a>1. TITOLARE DEL TRATTAMENTO<\/h3>\n\n\n\n<p>Il titolare del trattamento dei dati personali effettuato tramite il sito web \u00e8: <strong>TAVIL-IND, SAU<\/strong><br><strong>Indirizzo <\/strong>: Parco Industriale Pal de Poliger Sud, Settore 1 (17854) Sant Jaume de Llierca (Girona)<br><strong>NIF <\/strong>: A17223116<br><strong>Telefono <\/strong>: 972 290 105<br><strong>E-mail <\/strong>: privacy@tavil.net<br><strong>Dati di registrazione nel Registro Mercantile di Girona <\/strong>: volume XX, foglio XX, foglio XX, voce XX.<\/p>\n\n\n\n<p><strong>TAVIL-IND, SAU <\/strong>si riserva il diritto di modificare la presente informativa sulla privacy a propria discrezione o in seguito a modifiche legislative, giurisprudenziali o dottrinali da parte delle competenti autorit\u00e0 di vigilanza. L&#8217;utilizzo del sito web dopo tali modifiche ne implica l&#8217;accettazione.<\/p>\n\n\n\n<p>Questo sito web potrebbe contenere link a pagine esterne. <strong>TAVIL-IND, SAU <\/strong>non si assume alcuna responsabilit\u00e0 per il contenuto o qualsiasi altro aspetto relativo a queste pagine o siti web esterni.<\/p>\n\n\n\n<h3 class=\"wp-block-heading\"><a><\/a>2. DATI PERSONALI<\/h3>\n\n\n\n<p><strong>TAVIL-IND, SAU <\/strong>raccoglier\u00e0 solo i dati personali adeguati, pertinenti e limitati a quanto necessario in relazione alle finalit\u00e0 per le quali vengono trattati, come appropriato in ciascun caso.<\/p>\n\n\n\n<p>L&#8217;utente garantisce l&#8217;autenticit\u00e0 dei dati comunicati e sar\u00e0 l&#8217;unico responsabile di eventuali dichiarazioni false o inesatte.<\/p>\n\n\n\n<h3 class=\"wp-block-heading\"><a><\/a>3. FINALIT\u00c0 DEL TRATTAMENTO<\/h3>\n\n\n\n<p>I dati personali saranno trattati dal titolare del trattamento per le seguenti finalit\u00e0, a seconda dei casi applicabili:<\/p>\n\n\n\n<ul>\n<li>Consultazione e, ove opportuno, indagine e risposta ai messaggi ricevuti.<\/li>\n\n\n\n<li>Rispondere alle persone che hanno contattato <strong>TAVIL-IND, SAU <\/strong>con il potenziale interesse di diventare loro clienti o fornitori.<\/li>\n\n\n\n<li>Gestione commerciale e amministrativa del rapporto contrattuale in essere con i propri clienti e fornitori, che comprender\u00e0 l&#8217;emissione e la gestione di budget, ordini e altra documentazione contrattuale, nonch\u00e9 l&#8217;emissione e il controllo dell&#8217;incasso e del pagamento delle fatture.<\/li>\n\n\n\n<li>Mantenere il rapporto contrattuale con l&#8217;interessato o con l&#8217;azienda o l&#8217;ente presso cui questi lavora o collabora.<\/li>\n\n\n\n<li>Esame e valutazione delle informazioni e\/o della documentazione fornite ai fini della partecipazione a un processo di selezione. Qualora <strong>TAVIL-IND, SAU fosse interessata <\/strong>, contatter\u00e0 il candidato per valutarne la candidatura.<\/li>\n\n\n\n<li>Inviare comunicazioni relative a novit\u00e0, promozioni, concorsi, lotterie, eventi e\/o informazioni aziendali di <strong>TAVIL-IND, SAU <\/strong>e dei suoi prodotti e\/o servizi.<\/li>\n\n\n\n<li>Prevenzione, individuazione e controllo di abusi e frodi commessi sul o tramite il sito web.<\/li>\n\n\n\n<li>Gestione del rispetto degli obblighi previsti dalla legge.<\/li>\n<\/ul>\n\n\n\n<h3 class=\"wp-block-heading\"><a><\/a>4. LEGITTIMIT\u00c0 DEL TRATTAMENTO<\/h3>\n\n\n\n<p>La base giuridica del trattamento dei dati personali sar\u00e0 l&#8217;adempimento di un obbligo legale, qualora siano stati forniti per le seguenti finalit\u00e0:<\/p>\n\n\n\n<ul>\n<li>Gestione amministrativa del rapporto contrattuale in essere con i propri clienti, che comprender\u00e0 l&#8217;emissione delle fatture.<\/li>\n\n\n\n<li>Gestione del rispetto degli obblighi previsti dalla legge.<\/li>\n<\/ul>\n\n\n\n<p>Il trattamento dei dati personali per le finalit\u00e0 indicate sar\u00e0 necessario affinch\u00e9 <strong>TAVIL-IND, SAU <\/strong>possa adempiere agli obblighi imposti dalla normativa applicabile.<\/p>\n\n\n\n<p>Inoltre, la base giuridica del trattamento dei dati personali sar\u00e0 l&#8217;esecuzione delle misure precontrattuali richieste, l&#8217;intenzione dell&#8217;interessato di stipulare un contratto con il titolare del trattamento o l&#8217;esecuzione del contratto, se i dati sono stati forniti per le seguenti finalit\u00e0:<\/p>\n\n\n\n<ul>\n<li>Rispondere alle persone che hanno contattato <strong>TAVIL-IND, SAU <\/strong>con il potenziale interesse di diventare loro clienti o fornitori.<\/li>\n\n\n\n<li>Gestione commerciale e amministrativa del rapporto contrattuale in essere con i propri clienti e fornitori, che comprender\u00e0 l&#8217;emissione e la gestione di budget, ordini e altra documentazione contrattuale, nonch\u00e9 l&#8217;emissione e il controllo dell&#8217;incasso e del pagamento delle fatture.<\/li>\n\n\n\n<li>Esame e valutazione delle informazioni e\/o della documentazione fornite ai fini della partecipazione a un processo di selezione. Qualora <strong>TAVIL-IND, SAU fosse interessata <\/strong>, contatter\u00e0 il candidato per valutarne la candidatura.<\/li>\n<\/ul>\n\n\n\n<p>Il trattamento dei dati personali per la finalit\u00e0 sopra indicata \u00e8 necessario per poter applicare le misure precontrattuali richieste e per poter sottoscrivere ed eseguire il contratto tra <strong>TAVIL-IND, SAU <\/strong>e i suoi clienti e\/o fornitori.<\/p>\n\n\n\n<p>Infine, la base giuridica del trattamento dei dati personali sar\u00e0 il legittimo interesse del titolare del trattamento, qualora esso sia stato fornito per le seguenti finalit\u00e0:<\/p>\n\n\n\n<ul>\n<li>Consultazione e, ove opportuno, indagine e risposta ai messaggi ricevuti. L&#8217;interesse legittimo \u00e8 quello di assistere adeguatamente le persone che hanno contattato volontariamente l&#8217;azienda.<\/li>\n\n\n\n<li>Mantenere il rapporto contrattuale con l&#8217;interessato o con l&#8217;azienda o l&#8217;organizzazione presso cui questi opera o collabora. Il legittimo interesse del titolare del trattamento \u00e8 riconosciuto dalla normativa applicabile.<\/li>\n\n\n\n<li>Per inviare comunicazioni relative a novit\u00e0, promozioni, concorsi, lotterie, eventi e\/o informazioni aziendali di <strong>TAVIL-IND, SAU <\/strong>e dei suoi prodotti e\/o servizi. Il legittimo interesse del titolare del trattamento \u00e8 riconosciuto dalla normativa vigente.<\/li>\n\n\n\n<li>Prevenzione, individuazione e controllo di abusi e frodi commessi sul o tramite il sito web. L&#8217;interesse legittimo si basa sulla volont\u00e0 del titolare del trattamento di mantenere il sito web sicuro.<\/li>\n<\/ul>\n\n\n\n<h3 class=\"wp-block-heading\"><a><\/a>5. DESTINATARI<\/h3>\n\n\n\n<p><strong>TAVIL-IND, SAU <\/strong>non comunicher\u00e0 i dati personali a terzi, salvo in caso di obbligo di legge e a terzi contrattualizzati.<\/p>\n\n\n\n<p><strong>TAVIL-IND, SAU <\/strong>intende trasferire dati a livello internazionale a fornitori situati in Paesi che non dispongono di normative equivalenti a quelle europee in materia di trattamento dei dati personali. Per informazioni sulle garanzie e le tutele applicate a tutela della privacy degli utenti, si prega di contattare il titolare del trattamento all&#8217;indirizzo privacy@tavil.net.<\/p>\n\n\n\n<h3 class=\"wp-block-heading\"><a><\/a>6. PERIODI DI CONSERVAZIONE<\/h3>\n\n\n\n<p>Se la base giuridica del trattamento \u00e8 il consenso dell&#8217;utente, i dati saranno conservati fino alla revoca di tale consenso.<\/p>\n\n\n\n<p>Qualora la base giuridica del trattamento sia costituita dall&#8217;adempimento di obblighi di legge, obblighi contrattuali, applicazione di misure precontrattuali e legittimo interesse del titolare del trattamento, i dati personali saranno conservati per tutto il tempo necessario alla gestione delle finalit\u00e0 del trattamento.<\/p>\n\n\n\n<p>In ogni caso, i dati personali saranno conservati per tutto il periodo di tempo in cui il titolare del trattamento potr\u00e0 essere ritenuto responsabile ai sensi della normativa applicabile, procedendo, ove opportuno, al blocco dei dati fino alla scadenza del corrispondente termine di prescrizione.<\/p>\n\n\n\n<h3 class=\"wp-block-heading\"><a><\/a>7. DIRITTI DELL&#8217;UTENTE<\/h3>\n\n\n\n<p>La informiamo che in qualsiasi momento potr\u00e0 esercitare i diritti di accesso, rettifica, cancellazione, limitazione, opposizione e portabilit\u00e0 dei suoi dati personali previsti dalla normativa sulla protezione dei dati, inviando una lettera all&#8217;indirizzo postale Pol\u00edgono Industrial Pal de Poliger Sud, Sector 1 (17854) Sant Jaume de Llierca (Girona) o all&#8217;indirizzo di posta elettronica.<\/p>\n\n\n\n<p>Nello specifico, puoi esercitare i diritti di seguito descritti:<\/p>\n\n\n\n<ul>\n<li>Accedi ai tuoi dati personali.<\/li>\n\n\n\n<li>Correggere i dati inesatti o incompleti.<\/li>\n\n\n\n<li>Richiedere la cancellazione dei tuoi dati quando, tra gli altri motivi, i dati non sono pi\u00f9 necessari per le finalit\u00e0 per le quali sono stati raccolti.<\/li>\n\n\n\n<li>Per esercitare la limitazione del trattamento dei dati quando ricorre una delle condizioni previste dalla normativa sulla protezione dei dati.<\/li>\n\n\n\n<li>In determinate circostanze e per motivi connessi alla loro particolare situazione in merito al trattamento dei dati, gli interessati potranno opporsi a tale trattamento. In tali casi, <strong>TAVIL-IND, SAU <\/strong>cesser\u00e0 di trattare i dati, salvo per motivi legittimi cogenti o per l&#8217;accertamento, l&#8217;esercizio o la difesa di un diritto in sede giudiziaria.<\/li>\n\n\n\n<li>Per ottenere l&#8217;intervento umano, esprimere il proprio punto di vista e contestare le decisioni automatizzate prese da <strong>TAVIL-IND, SAU <\/strong>, ove applicabile.<\/li>\n\n\n\n<li>Richiedi la portabilit\u00e0 dei tuoi dati.<\/li>\n<\/ul>\n\n\n\n<p>Se non sei d&#8217;accordo con il trattamento dei tuoi dati, puoi presentare un reclamo all&#8217;Agenzia spagnola per la protezione dei dati (www.aepd.es).<\/p>\n","protected":false},"excerpt":{"rendered":"<p>Ultimo aggiornamento: 18 novembre 2025 1. TITOLARE DEL TRATTAMENTO Il titolare del trattamento dei dati personali effettuato tramite il sito web \u00e8: TAVIL-IND, SAUIndirizzo : Parco Industriale Pal de Poliger [&hellip;]<\/p>\n","protected":false},"author":1,"featured_media":0,"parent":0,"menu_order":0,"comment_status":"closed","ping_status":"closed","template":"","meta":{"_kad_blocks_custom_css":"","_kad_blocks_head_custom_js":"","_kad_blocks_body_custom_js":"","_kad_blocks_footer_custom_js":"","footnotes":""},"page-template":[66],"acf":[],"yoast_head":"<!-- This site is optimized with the Yoast SEO plugin v21.7 - https:\/\/yoast.com\/wordpress\/plugins\/seo\/ -->\n<title>Politica di privacy - Tavil<\/title>\n<meta name=\"robots\" content=\"index, follow, max-snippet:-1, max-image-preview:large, max-video-preview:-1\" \/>\n<link rel=\"canonical\" href=\"https:\/\/tavil.com\/it\/politica-di-privacy\/\" \/>\n<meta property=\"og:locale\" content=\"it_IT\" \/>\n<meta property=\"og:type\" content=\"article\" \/>\n<meta property=\"og:title\" content=\"Politica di privacy - Tavil\" \/>\n<meta property=\"og:description\" content=\"Ultimo aggiornamento: 18 novembre 2025 1. TITOLARE DEL TRATTAMENTO Il titolare del trattamento dei dati personali effettuato tramite il sito web \u00e8: TAVIL-IND, SAUIndirizzo : Parco Industriale Pal de Poliger [&hellip;]\" \/>\n<meta property=\"og:url\" content=\"https:\/\/tavil.com\/it\/politica-di-privacy\/\" \/>\n<meta property=\"og:site_name\" content=\"Tavil\" \/>\n<meta property=\"article:modified_time\" content=\"2025-11-19T09:03:51+00:00\" \/>\n<meta name=\"twitter:card\" content=\"summary_large_image\" \/>\n<meta name=\"twitter:label1\" content=\"Tempo di lettura stimato\" \/>\n\t<meta name=\"twitter:data1\" content=\"6 minuti\" \/>\n<script type=\"application\/ld+json\" class=\"yoast-schema-graph\">{\"@context\":\"https:\/\/schema.org\",\"@graph\":[{\"@type\":\"WebPage\",\"@id\":\"https:\/\/tavil.com\/it\/politica-di-privacy\/\",\"url\":\"https:\/\/tavil.com\/it\/politica-di-privacy\/\",\"name\":\"Politica di privacy - Tavil\",\"isPartOf\":{\"@id\":\"https:\/\/tavil.com\/it\/#website\"},\"datePublished\":\"2022-12-14T12:51:07+00:00\",\"dateModified\":\"2025-11-19T09:03:51+00:00\",\"breadcrumb\":{\"@id\":\"https:\/\/tavil.com\/it\/politica-di-privacy\/#breadcrumb\"},\"inLanguage\":\"it-IT\",\"potentialAction\":[{\"@type\":\"ReadAction\",\"target\":[\"https:\/\/tavil.com\/it\/politica-di-privacy\/\"]}]},{\"@type\":\"BreadcrumbList\",\"@id\":\"https:\/\/tavil.com\/it\/politica-di-privacy\/#breadcrumb\",\"itemListElement\":[{\"@type\":\"ListItem\",\"position\":1,\"name\":\"Prima pagina\",\"item\":\"https:\/\/tavil.com\/it\/\"},{\"@type\":\"ListItem\",\"position\":2,\"name\":\"Politica di privacy\"}]},{\"@type\":\"WebSite\",\"@id\":\"https:\/\/tavil.com\/it\/#website\",\"url\":\"https:\/\/tavil.com\/it\/\",\"name\":\"Tavil\",\"description\":\"Proyectos completos multiformato de final de l\u00ednea\",\"publisher\":{\"@id\":\"https:\/\/tavil.com\/it\/#organization\"},\"potentialAction\":[{\"@type\":\"SearchAction\",\"target\":{\"@type\":\"EntryPoint\",\"urlTemplate\":\"https:\/\/tavil.com\/it\/?s={search_term_string}\"},\"query-input\":\"required name=search_term_string\"}],\"inLanguage\":\"it-IT\"},{\"@type\":\"Organization\",\"@id\":\"https:\/\/tavil.com\/it\/#organization\",\"name\":\"Tavil\",\"url\":\"https:\/\/tavil.com\/it\/\",\"logo\":{\"@type\":\"ImageObject\",\"inLanguage\":\"it-IT\",\"@id\":\"https:\/\/tavil.com\/it\/#\/schema\/logo\/image\/\",\"url\":\"https:\/\/tavil.com\/wp-content\/uploads\/2022\/12\/tavil-logo.png\",\"contentUrl\":\"https:\/\/tavil.com\/wp-content\/uploads\/2022\/12\/tavil-logo.png\",\"width\":278,\"height\":32,\"caption\":\"Tavil\"},\"image\":{\"@id\":\"https:\/\/tavil.com\/it\/#\/schema\/logo\/image\/\"},\"sameAs\":[\"https:\/\/www.linkedin.com\/company\/tavil\/\",\"https:\/\/www.youtube.com\/@tavilind3410\",\"https:\/\/vimeo.com\/user21861340\"]}]}<\/script>\n<!-- \/ Yoast SEO plugin. -->","yoast_head_json":{"title":"Politica di privacy - Tavil","robots":{"index":"index","follow":"follow","max-snippet":"max-snippet:-1","max-image-preview":"max-image-preview:large","max-video-preview":"max-video-preview:-1"},"canonical":"https:\/\/tavil.com\/it\/politica-di-privacy\/","og_locale":"it_IT","og_type":"article","og_title":"Politica di privacy - Tavil","og_description":"Ultimo aggiornamento: 18 novembre 2025 1. TITOLARE DEL TRATTAMENTO Il titolare del trattamento dei dati personali effettuato tramite il sito web \u00e8: TAVIL-IND, SAUIndirizzo : Parco Industriale Pal de Poliger [&hellip;]","og_url":"https:\/\/tavil.com\/it\/politica-di-privacy\/","og_site_name":"Tavil","article_modified_time":"2025-11-19T09:03:51+00:00","twitter_card":"summary_large_image","twitter_misc":{"Tempo di lettura stimato":"6 minuti"},"schema":{"@context":"https:\/\/schema.org","@graph":[{"@type":"WebPage","@id":"https:\/\/tavil.com\/it\/politica-di-privacy\/","url":"https:\/\/tavil.com\/it\/politica-di-privacy\/","name":"Politica di privacy - Tavil","isPartOf":{"@id":"https:\/\/tavil.com\/it\/#website"},"datePublished":"2022-12-14T12:51:07+00:00","dateModified":"2025-11-19T09:03:51+00:00","breadcrumb":{"@id":"https:\/\/tavil.com\/it\/politica-di-privacy\/#breadcrumb"},"inLanguage":"it-IT","potentialAction":[{"@type":"ReadAction","target":["https:\/\/tavil.com\/it\/politica-di-privacy\/"]}]},{"@type":"BreadcrumbList","@id":"https:\/\/tavil.com\/it\/politica-di-privacy\/#breadcrumb","itemListElement":[{"@type":"ListItem","position":1,"name":"Prima pagina","item":"https:\/\/tavil.com\/it\/"},{"@type":"ListItem","position":2,"name":"Politica di privacy"}]},{"@type":"WebSite","@id":"https:\/\/tavil.com\/it\/#website","url":"https:\/\/tavil.com\/it\/","name":"Tavil","description":"Proyectos completos multiformato de final de l\u00ednea","publisher":{"@id":"https:\/\/tavil.com\/it\/#organization"},"potentialAction":[{"@type":"SearchAction","target":{"@type":"EntryPoint","urlTemplate":"https:\/\/tavil.com\/it\/?s={search_term_string}"},"query-input":"required name=search_term_string"}],"inLanguage":"it-IT"},{"@type":"Organization","@id":"https:\/\/tavil.com\/it\/#organization","name":"Tavil","url":"https:\/\/tavil.com\/it\/","logo":{"@type":"ImageObject","inLanguage":"it-IT","@id":"https:\/\/tavil.com\/it\/#\/schema\/logo\/image\/","url":"https:\/\/tavil.com\/wp-content\/uploads\/2022\/12\/tavil-logo.png","contentUrl":"https:\/\/tavil.com\/wp-content\/uploads\/2022\/12\/tavil-logo.png","width":278,"height":32,"caption":"Tavil"},"image":{"@id":"https:\/\/tavil.com\/it\/#\/schema\/logo\/image\/"},"sameAs":["https:\/\/www.linkedin.com\/company\/tavil\/","https:\/\/www.youtube.com\/@tavilind3410","https:\/\/vimeo.com\/user21861340"]}]}},"taxonomy_info":{"page-template":[{"value":66,"label":"Legal Pages"}]},"featured_image_src_large":false,"author_info":{"display_name":"volcanic","author_link":"https:\/\/tavil.com\/it\/author\/volcanic\/"},"comment_info":"","_links":{"self":[{"href":"https:\/\/tavil.com\/it\/wp-json\/wp\/v2\/pages\/4830"}],"collection":[{"href":"https:\/\/tavil.com\/it\/wp-json\/wp\/v2\/pages"}],"about":[{"href":"https:\/\/tavil.com\/it\/wp-json\/wp\/v2\/types\/page"}],"author":[{"embeddable":true,"href":"https:\/\/tavil.com\/it\/wp-json\/wp\/v2\/users\/1"}],"replies":[{"embeddable":true,"href":"https:\/\/tavil.com\/it\/wp-json\/wp\/v2\/comments?post=4830"}],"version-history":[{"count":4,"href":"https:\/\/tavil.com\/it\/wp-json\/wp\/v2\/pages\/4830\/revisions"}],"predecessor-version":[{"id":7936,"href":"https:\/\/tavil.com\/it\/wp-json\/wp\/v2\/pages\/4830\/revisions\/7936"}],"wp:attachment":[{"href":"https:\/\/tavil.com\/it\/wp-json\/wp\/v2\/media?parent=4830"}],"wp:term":[{"taxonomy":"page-template","embeddable":true,"href":"https:\/\/tavil.com\/it\/wp-json\/wp\/v2\/page-template?post=4830"}],"curies":[{"name":"wp","href":"https:\/\/api.w.org\/{rel}","templated":true}]}}