{"id":2212,"date":"2022-12-14T13:51:20","date_gmt":"2022-12-14T12:51:20","guid":{"rendered":"http:\/\/tavil.volcanicvalley.com\/?page_id=2212"},"modified":"2025-11-20T09:11:26","modified_gmt":"2025-11-20T08:11:26","slug":"politique-en-matiere-de-cookies","status":"publish","type":"page","link":"https:\/\/tavil.com\/fr\/politique-en-matiere-de-cookies\/","title":{"rendered":"Politique en mati\u00e8re de cookies"},"content":{"rendered":"\n<p class=\"has-small-font-size\">Derni\u00e8re mise \u00e0 jour : 18 novembre 2025<\/p>\n\n\n\n<h3 class=\"wp-block-heading\"><a><\/a>Param\u00e8tres des cookies<\/h3>\n\n\n\n<p>\nVous pouvez acc\u00e9der aux param\u00e8tres des cookies \u00e0 tout moment en <a class=\"cky-btn-revisit-wrapper pageInlined\" data-cky-tag=\"revisit-consent\" data-tooltip=\"Param\u00e8tres des cookies\">cliquant ici<\/a>.<\/p>\n\n\n\n<h3 class=\"wp-block-heading\"><a><\/a>Que sont les cookies ?<\/h3>\n\n\n\n<p>Un cookie est un fichier t\u00e9l\u00e9charg\u00e9 sur les appareils lors de l&#8217;acc\u00e8s \u00e0 certaines pages web, plateformes ou applications, afin de stocker et de r\u00e9cup\u00e9rer des informations pendant que l&#8217;utilisateur acc\u00e8de \u00e0 leur contenu.<\/p>\n\n\n\n<p>Les cookies peuvent servir \u00e0 de nombreuses fins, comme reconna\u00eetre l&#8217;utilisateur, obtenir des informations sur ses habitudes de navigation ou personnaliser l&#8217;affichage du contenu.<\/p>\n\n\n\n<h3 class=\"wp-block-heading\"><a><\/a>Quels cookies sont utilis\u00e9s sur ce site web ?<\/h3>\n\n\n\n<p>L\u2019utilisation sp\u00e9cifique des cookies sur ce site web est d\u00e9crite ci-dessous.<\/p>\n\n\n\n<div class=\"cky-audit-table-element\"><\/div>\n\n\n\n<p>Vous pouvez vous renseigner sur les \u00e9ventuels transferts vers des pays tiers effectu\u00e9s par les tiers identifi\u00e9s ici, dans leurs politiques de cookies (voir le lien correspondant \u00e0 \u00ab&nbsp;+ En savoir plus sur le tiers&nbsp;\u00bb).<\/p>\n\n\n\n<p>Le traitement des donn\u00e9es personnelles par le biais des cookies est consid\u00e9r\u00e9 comme ayant eu lieu lorsque l&#8217;utilisateur s&#8217;est identifi\u00e9 par son nom ou son adresse \u00e9lectronique, ou lorsque des identifiants uniques permettent de distinguer certains utilisateurs et de les suivre individuellement. Pour plus d&#8217;informations sur vos droits en tant qu&#8217;utilisateur et sur le traitement de vos donn\u00e9es personnelles par le biais des cookies sur ce site web, veuillez consulter notre politique de confidentialit\u00e9 <a href=\"https:\/\/tavil.com\/fr\/politique-de-confidentialite\/\">ici<\/a>.<\/p>\n\n\n\n<h3 class=\"wp-block-heading\"><a><\/a>Acceptation, refus et configuration des cookies<\/h3>\n\n\n\n<p>Comme indiqu\u00e9 dans la section pr\u00e9c\u00e9dente, vous pouvez consentir \u00e0 l\u2019utilisation de tous les cookies sur votre appareil&nbsp;:<\/p>\n\n\n\n<ul>\n<li>En cliquant sur le bouton \u00ab&nbsp;Accepter les cookies&nbsp;\u00bb de la banni\u00e8re de cookies disponible sur ce site Web, ou<\/li>\n\n\n\n<li>En cliquant sur le bouton \u00ab&nbsp;Tout accepter&nbsp;\u00bb dans les param\u00e8tres des cookies de ce site Web, auxquels vous pouvez acc\u00e9der via la banni\u00e8re de cookies ou via la pr\u00e9sente politique, ou<\/li>\n\n\n\n<li>En s\u00e9lectionnant toutes les options propos\u00e9es, puis en cliquant sur le bouton \u00ab&nbsp;Enregistrer les param\u00e8tres&nbsp;\u00bb dans la section des param\u00e8tres des cookies de ce site Web, accessible via la banni\u00e8re de cookies ou via la pr\u00e9sente politique.<\/li>\n<\/ul>\n\n\n\n<p>Par ailleurs, comme indiqu\u00e9 dans la section pr\u00e9c\u00e9dente, vous pouvez refuser votre consentement \u00e0 l\u2019utilisation de tous les cookies mentionn\u00e9s sur votre appareil&nbsp;:<\/p>\n\n\n\n<ul>\n<li>En cliquant sur le bouton \u00ab&nbsp;Refuser les cookies&nbsp;\u00bb de la banni\u00e8re de cookies disponible sur ce site Web, ou<\/li>\n\n\n\n<li>En cliquant sur le bouton \u00ab&nbsp;Tout refuser&nbsp;\u00bb dans les param\u00e8tres des cookies de ce site Web, auxquels vous pouvez acc\u00e9der via la banni\u00e8re de cookies ou via cette politique.<\/li>\n<\/ul>\n\n\n\n<p>Veuillez noter que si vous acceptez les cookies tiers, vous devrez les supprimer des param\u00e8tres de votre navigateur ou du syst\u00e8me fourni par le tiers \u00e0 cette fin.<\/p>\n\n\n\n<p>Nous vous rappelons que vous pouvez supprimer votre historique de navigation (y compris les cookies) depuis votre navigateur en consultant les options et les instructions fournies par celui-ci.<\/p>\n\n\n\n<p>Vous pouvez \u00e0 tout moment choisir les cookies que vous autorisez et ceux que vous refusez sur votre appareil, et donner votre consentement en cons\u00e9quence. Dans les param\u00e8tres des cookies de ce site web, vous pouvez activer les cookies que vous souhaitez autoriser sur votre appareil, ou emp\u00eacher l&#8217;activation de ceux que vous refusez, en les s\u00e9lectionnant ou en les d\u00e9s\u00e9lectionnant, puis en cliquant sur le bouton \u00ab&nbsp;Enregistrer les param\u00e8tres&nbsp;\u00bb.<\/p>\n\n\n\n<p>Vous pouvez \u00e9galement acc\u00e9der \u00e0 des informations compl\u00e9mentaires sur la mani\u00e8re d&#8217;activer, de supprimer et\/ou de g\u00e9rer l&#8217;utilisation des cookies via le navigateur correspondant, comme indiqu\u00e9 ci-dessous&nbsp;:<\/p>\n\n\n\n<ul>\n<li>Microsoft Internet Explorer&nbsp;: http:\/\/windows.microsoft.com\/es-ES\/windows-vista\/Block-or-allow-cookies<\/li>\n\n\n\n<li>Firefox&nbsp;: http:\/\/support.mozilla.org\/es\/kb\/habilitar-y-deshabilitar-cookies-que-los-sitios-we<\/li>\n\n\n\n<li>Safari&nbsp;: http:\/\/support.apple.com\/kb\/HT1677?viewlocale=es_ES<\/li>\n\n\n\n<li>Google Chrome&nbsp;: https:\/\/support.google.com\/chrome\/answer\/95647?hl=es<\/li>\n\n\n\n<li>Opera&nbsp;: https:\/\/help.opera.com\/en\/latest\/web-preferences\/#cookies<\/li>\n<\/ul>\n\n\n\n<h3 class=\"wp-block-heading\"><a><\/a>Changements de politique<\/h3>\n\n\n\n<p>La pr\u00e9sente politique relative aux cookies peut \u00eatre modifi\u00e9e lorsque la l\u00e9gislation en vigueur l&#8217;exige ou en cas de changement du type de cookies utilis\u00e9s sur le site web.<\/p>\n\n\n\n<h3 class=\"wp-block-heading\"><a><\/a>Contact<\/h3>\n\n\n\n<p>Pour plus d&#8217;informations sur l&#8217;utilisation des cookies sur ce site web, vous pouvez contacter privacy@tavil.net.<\/p>\n","protected":false},"excerpt":{"rendered":"<p>Derni\u00e8re mise \u00e0 jour : 18 novembre 2025 Param\u00e8tres des cookies Vous pouvez acc\u00e9der aux param\u00e8tres des cookies \u00e0 tout moment en cliquant ici. Que sont les cookies ? Un [&hellip;]<\/p>\n","protected":false},"author":1,"featured_media":0,"parent":0,"menu_order":0,"comment_status":"closed","ping_status":"closed","template":"","meta":{"_kad_blocks_custom_css":"","_kad_blocks_head_custom_js":"","_kad_blocks_body_custom_js":"","_kad_blocks_footer_custom_js":"","footnotes":""},"page-template":[8,29],"acf":[],"yoast_head":"<!-- This site is optimized with the Yoast SEO plugin v21.7 - https:\/\/yoast.com\/wordpress\/plugins\/seo\/ -->\n<title>Politique en mati\u00e8re de cookies - Tavil<\/title>\n<meta name=\"robots\" content=\"index, follow, max-snippet:-1, max-image-preview:large, max-video-preview:-1\" \/>\n<link rel=\"canonical\" href=\"https:\/\/tavil.com\/fr\/politique-en-matiere-de-cookies\/\" \/>\n<meta property=\"og:locale\" content=\"fr_FR\" \/>\n<meta property=\"og:type\" content=\"article\" \/>\n<meta property=\"og:title\" content=\"Politique en mati\u00e8re de cookies - Tavil\" \/>\n<meta property=\"og:description\" content=\"Derni\u00e8re mise \u00e0 jour : 18 novembre 2025 Param\u00e8tres des cookies Vous pouvez acc\u00e9der aux param\u00e8tres des cookies \u00e0 tout moment en cliquant ici. Que sont les cookies ? Un [&hellip;]\" \/>\n<meta property=\"og:url\" content=\"https:\/\/tavil.com\/fr\/politique-en-matiere-de-cookies\/\" \/>\n<meta property=\"og:site_name\" content=\"Tavil\" \/>\n<meta property=\"article:modified_time\" content=\"2025-11-20T08:11:26+00:00\" \/>\n<meta name=\"twitter:card\" content=\"summary_large_image\" \/>\n<meta name=\"twitter:label1\" content=\"Dur\u00e9e de lecture estim\u00e9e\" \/>\n\t<meta name=\"twitter:data1\" content=\"3 minutes\" \/>\n<script type=\"application\/ld+json\" class=\"yoast-schema-graph\">{\"@context\":\"https:\/\/schema.org\",\"@graph\":[{\"@type\":\"WebPage\",\"@id\":\"https:\/\/tavil.com\/fr\/politique-en-matiere-de-cookies\/\",\"url\":\"https:\/\/tavil.com\/fr\/politique-en-matiere-de-cookies\/\",\"name\":\"Politique en mati\u00e8re de cookies - Tavil\",\"isPartOf\":{\"@id\":\"https:\/\/tavil.com\/fr\/#website\"},\"datePublished\":\"2022-12-14T12:51:20+00:00\",\"dateModified\":\"2025-11-20T08:11:26+00:00\",\"breadcrumb\":{\"@id\":\"https:\/\/tavil.com\/fr\/politique-en-matiere-de-cookies\/#breadcrumb\"},\"inLanguage\":\"fr-FR\",\"potentialAction\":[{\"@type\":\"ReadAction\",\"target\":[\"https:\/\/tavil.com\/fr\/politique-en-matiere-de-cookies\/\"]}]},{\"@type\":\"BreadcrumbList\",\"@id\":\"https:\/\/tavil.com\/fr\/politique-en-matiere-de-cookies\/#breadcrumb\",\"itemListElement\":[{\"@type\":\"ListItem\",\"position\":1,\"name\":\"Page d'accueil\",\"item\":\"https:\/\/tavil.com\/fr\/\"},{\"@type\":\"ListItem\",\"position\":2,\"name\":\"Politique en mati\u00e8re de cookies\"}]},{\"@type\":\"WebSite\",\"@id\":\"https:\/\/tavil.com\/fr\/#website\",\"url\":\"https:\/\/tavil.com\/fr\/\",\"name\":\"Tavil\",\"description\":\"Proyectos completos multiformato de final de l\u00ednea\",\"publisher\":{\"@id\":\"https:\/\/tavil.com\/fr\/#organization\"},\"potentialAction\":[{\"@type\":\"SearchAction\",\"target\":{\"@type\":\"EntryPoint\",\"urlTemplate\":\"https:\/\/tavil.com\/fr\/?s={search_term_string}\"},\"query-input\":\"required name=search_term_string\"}],\"inLanguage\":\"fr-FR\"},{\"@type\":\"Organization\",\"@id\":\"https:\/\/tavil.com\/fr\/#organization\",\"name\":\"Tavil\",\"url\":\"https:\/\/tavil.com\/fr\/\",\"logo\":{\"@type\":\"ImageObject\",\"inLanguage\":\"fr-FR\",\"@id\":\"https:\/\/tavil.com\/fr\/#\/schema\/logo\/image\/\",\"url\":\"https:\/\/tavil.com\/wp-content\/uploads\/2022\/12\/tavil-logo.png\",\"contentUrl\":\"https:\/\/tavil.com\/wp-content\/uploads\/2022\/12\/tavil-logo.png\",\"width\":278,\"height\":32,\"caption\":\"Tavil\"},\"image\":{\"@id\":\"https:\/\/tavil.com\/fr\/#\/schema\/logo\/image\/\"},\"sameAs\":[\"https:\/\/www.linkedin.com\/company\/tavil\/\",\"https:\/\/www.youtube.com\/@tavilind3410\",\"https:\/\/vimeo.com\/user21861340\"]}]}<\/script>\n<!-- \/ Yoast SEO plugin. -->","yoast_head_json":{"title":"Politique en mati\u00e8re de cookies - Tavil","robots":{"index":"index","follow":"follow","max-snippet":"max-snippet:-1","max-image-preview":"max-image-preview:large","max-video-preview":"max-video-preview:-1"},"canonical":"https:\/\/tavil.com\/fr\/politique-en-matiere-de-cookies\/","og_locale":"fr_FR","og_type":"article","og_title":"Politique en mati\u00e8re de cookies - Tavil","og_description":"Derni\u00e8re mise \u00e0 jour : 18 novembre 2025 Param\u00e8tres des cookies Vous pouvez acc\u00e9der aux param\u00e8tres des cookies \u00e0 tout moment en cliquant ici. Que sont les cookies ? Un [&hellip;]","og_url":"https:\/\/tavil.com\/fr\/politique-en-matiere-de-cookies\/","og_site_name":"Tavil","article_modified_time":"2025-11-20T08:11:26+00:00","twitter_card":"summary_large_image","twitter_misc":{"Dur\u00e9e de lecture estim\u00e9e":"3 minutes"},"schema":{"@context":"https:\/\/schema.org","@graph":[{"@type":"WebPage","@id":"https:\/\/tavil.com\/fr\/politique-en-matiere-de-cookies\/","url":"https:\/\/tavil.com\/fr\/politique-en-matiere-de-cookies\/","name":"Politique en mati\u00e8re de cookies - Tavil","isPartOf":{"@id":"https:\/\/tavil.com\/fr\/#website"},"datePublished":"2022-12-14T12:51:20+00:00","dateModified":"2025-11-20T08:11:26+00:00","breadcrumb":{"@id":"https:\/\/tavil.com\/fr\/politique-en-matiere-de-cookies\/#breadcrumb"},"inLanguage":"fr-FR","potentialAction":[{"@type":"ReadAction","target":["https:\/\/tavil.com\/fr\/politique-en-matiere-de-cookies\/"]}]},{"@type":"BreadcrumbList","@id":"https:\/\/tavil.com\/fr\/politique-en-matiere-de-cookies\/#breadcrumb","itemListElement":[{"@type":"ListItem","position":1,"name":"Page d'accueil","item":"https:\/\/tavil.com\/fr\/"},{"@type":"ListItem","position":2,"name":"Politique en mati\u00e8re de cookies"}]},{"@type":"WebSite","@id":"https:\/\/tavil.com\/fr\/#website","url":"https:\/\/tavil.com\/fr\/","name":"Tavil","description":"Proyectos completos multiformato de final de l\u00ednea","publisher":{"@id":"https:\/\/tavil.com\/fr\/#organization"},"potentialAction":[{"@type":"SearchAction","target":{"@type":"EntryPoint","urlTemplate":"https:\/\/tavil.com\/fr\/?s={search_term_string}"},"query-input":"required name=search_term_string"}],"inLanguage":"fr-FR"},{"@type":"Organization","@id":"https:\/\/tavil.com\/fr\/#organization","name":"Tavil","url":"https:\/\/tavil.com\/fr\/","logo":{"@type":"ImageObject","inLanguage":"fr-FR","@id":"https:\/\/tavil.com\/fr\/#\/schema\/logo\/image\/","url":"https:\/\/tavil.com\/wp-content\/uploads\/2022\/12\/tavil-logo.png","contentUrl":"https:\/\/tavil.com\/wp-content\/uploads\/2022\/12\/tavil-logo.png","width":278,"height":32,"caption":"Tavil"},"image":{"@id":"https:\/\/tavil.com\/fr\/#\/schema\/logo\/image\/"},"sameAs":["https:\/\/www.linkedin.com\/company\/tavil\/","https:\/\/www.youtube.com\/@tavilind3410","https:\/\/vimeo.com\/user21861340"]}]}},"taxonomy_info":{"page-template":[{"value":8,"label":"Legal Pages"},{"value":29,"label":"Legal Pages"}]},"featured_image_src_large":false,"author_info":{"display_name":"volcanic","author_link":"https:\/\/tavil.com\/fr\/author\/volcanic\/"},"comment_info":"","_links":{"self":[{"href":"https:\/\/tavil.com\/fr\/wp-json\/wp\/v2\/pages\/2212"}],"collection":[{"href":"https:\/\/tavil.com\/fr\/wp-json\/wp\/v2\/pages"}],"about":[{"href":"https:\/\/tavil.com\/fr\/wp-json\/wp\/v2\/types\/page"}],"author":[{"embeddable":true,"href":"https:\/\/tavil.com\/fr\/wp-json\/wp\/v2\/users\/1"}],"replies":[{"embeddable":true,"href":"https:\/\/tavil.com\/fr\/wp-json\/wp\/v2\/comments?post=2212"}],"version-history":[{"count":7,"href":"https:\/\/tavil.com\/fr\/wp-json\/wp\/v2\/pages\/2212\/revisions"}],"predecessor-version":[{"id":7987,"href":"https:\/\/tavil.com\/fr\/wp-json\/wp\/v2\/pages\/2212\/revisions\/7987"}],"wp:attachment":[{"href":"https:\/\/tavil.com\/fr\/wp-json\/wp\/v2\/media?parent=2212"}],"wp:term":[{"taxonomy":"page-template","embeddable":true,"href":"https:\/\/tavil.com\/fr\/wp-json\/wp\/v2\/page-template?post=2212"}],"curies":[{"name":"wp","href":"https:\/\/api.w.org\/{rel}","templated":true}]}}